{"id":29,"date":"2020-05-31T22:20:58","date_gmt":"2020-05-31T22:20:58","guid":{"rendered":"https:\/\/www.leynacionaldedanza.org\/?page_id=29"},"modified":"2020-05-31T22:44:19","modified_gmt":"2020-05-31T22:44:19","slug":"archivo","status":"publish","type":"page","link":"https:\/\/www.leynacionaldedanza.org\/?page_id=29","title":{"rendered":"ARCHIVO"},"content":{"rendered":"\n<figure class=\"wp-block-embed-youtube alignright wp-block-embed is-type-video is-provider-youtube wp-embed-aspect-16-9 wp-has-aspect-ratio\"><div class=\"wp-block-embed__wrapper\">\n<div class=\"ast-oembed-container\"><iframe loading=\"lazy\" title=\"FLASHMOB en Buenos Aires\" width=\"500\" height=\"281\" src=\"https:\/\/www.youtube.com\/embed\/videoseries?list=PLzzme7XW1I0sn1oYBWzeSwb-pEOvZKEly\" frameborder=\"0\" allow=\"accelerometer; autoplay; encrypted-media; gyroscope; picture-in-picture\" allowfullscreen><\/iframe><\/div>\n<\/div><\/figure>\n\n\n\n<p><strong>Lista de reproducci\u00f3n de material hist\u00f3rico<\/strong><\/p>\n\n\n\n<p>Aqu\u00ed podr\u00e1s encontrar movilizaciones, notas, apoyos y actividades de la comunidad de la danza de todo el territorio nacional en torno al Proyecto de Ley. <\/p>\n\n\n\n<p><\/p>\n","protected":false},"excerpt":{"rendered":"<p>Lista de reproducci\u00f3n de material hist\u00f3rico Aqu\u00ed podr\u00e1s encontrar movilizaciones, notas, apoyos y actividades de la comunidad de la danza de todo el territorio nacional en torno al Proyecto de Ley.<\/p>\n","protected":false},"author":1,"featured_media":0,"parent":0,"menu_order":0,"comment_status":"closed","ping_status":"closed","template":"","meta":[],"_links":{"self":[{"href":"https:\/\/www.leynacionaldedanza.org\/index.php?rest_route=\/wp\/v2\/pages\/29"}],"collection":[{"href":"https:\/\/www.leynacionaldedanza.org\/index.php?rest_route=\/wp\/v2\/pages"}],"about":[{"href":"https:\/\/www.leynacionaldedanza.org\/index.php?rest_route=\/wp\/v2\/types\/page"}],"author":[{"embeddable":true,"href":"https:\/\/www.leynacionaldedanza.org\/index.php?rest_route=\/wp\/v2\/users\/1"}],"replies":[{"embeddable":true,"href":"https:\/\/www.leynacionaldedanza.org\/index.php?rest_route=%2Fwp%2Fv2%2Fcomments&post=29"}],"version-history":[{"count":2,"href":"https:\/\/www.leynacionaldedanza.org\/index.php?rest_route=\/wp\/v2\/pages\/29\/revisions"}],"predecessor-version":[{"id":48,"href":"https:\/\/www.leynacionaldedanza.org\/index.php?rest_route=\/wp\/v2\/pages\/29\/revisions\/48"}],"wp:attachment":[{"href":"https:\/\/www.leynacionaldedanza.org\/index.php?rest_route=%2Fwp%2Fv2%2Fmedia&parent=29"}],"curies":[{"name":"wp","href":"https:\/\/api.w.org\/{rel}","templated":true}]}}